{"id":51,"date":"2024-03-06T09:17:29","date_gmt":"2024-03-06T09:17:29","guid":{"rendered":"http:\/\/programavitamina.gatxan.net\/wordpress\/?page_id=51"},"modified":"2025-11-10T14:58:25","modified_gmt":"2025-11-10T14:58:25","slug":"elementor-51","status":"publish","type":"page","link":"https:\/\/programavitamina.org\/?page_id=51","title":{"rendered":"Qui som?"},"content":{"rendered":"\t\t<div data-elementor-type=\"wp-page\" data-elementor-id=\"51\" class=\"elementor elementor-51\" data-elementor-post-type=\"page\">\n\t\t\t\t<div class=\"elementor-element elementor-element-233d6f0 e-con-full e-flex e-con e-parent\" data-id=\"233d6f0\" data-element_type=\"container\" data-settings=\"{&quot;background_background&quot;:&quot;classic&quot;}\">\n\t\t<div class=\"elementor-element elementor-element-5cdc8f1 e-con-full e-flex e-con e-child\" data-id=\"5cdc8f1\" data-element_type=\"container\">\n\t\t\t\t<div class=\"elementor-element elementor-element-5095685 elementor-widget elementor-widget-heading\" data-id=\"5095685\" data-element_type=\"widget\" data-widget_type=\"heading.default\">\n\t\t\t\t<div class=\"elementor-widget-container\">\n\t\t\t\t\t<h1 class=\"elementor-heading-title elementor-size-default\">NOVACT<\/h1>\t\t\t\t<\/div>\n\t\t\t\t<\/div>\n\t\t\t\t<div class=\"elementor-element elementor-element-2e52a7f elementor-widget elementor-widget-text-editor\" data-id=\"2e52a7f\" data-element_type=\"widget\" data-widget_type=\"text-editor.default\">\n\t\t\t\t<div class=\"elementor-widget-container\">\n\t\t\t\t\t\t\t\t\t<p><span data-contrast=\"auto\">L\u2019Institut Novact de Noviol\u00e8ncia &#8211; entitat impulsora del Programa Vitamina &#8211; \u00e9s una associaci\u00f3 sense \u00e0nim de lucre dedicada a la transformaci\u00f3 de conflictes i la construcci\u00f3 de pau. Fa m\u00e9s de 20 anys que treballa a la regi\u00f3 Euromediterr\u00e0nia.<\/span><span data-ccp-props=\"{&quot;335551550&quot;:6,&quot;335551620&quot;:6}\">\u00a0<\/span><span data-ccp-props=\"{&quot;335551550&quot;:6,&quot;335551620&quot;:6}\">\u00a0<\/span><\/p><p><span data-ccp-props=\"{&quot;335551550&quot;:6,&quot;335551620&quot;:6}\">\u00a0<\/span><\/p><p><i><span data-contrast=\"auto\">El nostre comprom\u00eds \u00e9s impulsar canvis en contextos fr\u00e0gils i afectats per conflictes, creant pol\u00edtiques transformadores que promoguin la pau, defensin l&#8217;espai c\u00edvic, generin seguretat humana, just\u00edcia ecol\u00f2gica, just\u00edcia de g\u00e8nere, just\u00edcia digital i previnguin els abusos d&#8217;empreses, amb l&#8217;objectiu d\u2019aconseguir que les decisions que afecten el futur de les comunitats puguin ser preses per les mateixes comunitats.<\/span><\/i><span data-ccp-props=\"{&quot;335551550&quot;:6,&quot;335551620&quot;:6}\">\u00a0<\/span><\/p><p><span data-ccp-props=\"{&quot;335551550&quot;:6,&quot;335551620&quot;:6}\">\u00a0<\/span><\/p><p><span data-ccp-props=\"{&quot;335551550&quot;:6,&quot;335551620&quot;:6}\">\u00a0<\/span><\/p>\t\t\t\t\t\t\t\t<\/div>\n\t\t\t\t<\/div>\n\t\t\t\t<\/div>\n\t\t<div class=\"elementor-element elementor-element-b6d0827 e-con-full e-flex e-con e-child\" data-id=\"b6d0827\" data-element_type=\"container\">\n\t\t\t\t<div class=\"elementor-element elementor-element-77e094f elementor-widget elementor-widget-image\" data-id=\"77e094f\" data-element_type=\"widget\" data-widget_type=\"image.default\">\n\t\t\t\t<div class=\"elementor-widget-container\">\n\t\t\t\t\t\t\t\t\t\t\t\t\t\t\t<img fetchpriority=\"high\" decoding=\"async\" width=\"1024\" height=\"683\" src=\"https:\/\/programavitamina.org\/wp-content\/uploads\/2024\/03\/quimsom3-1024x683.jpg\" class=\"attachment-large size-large wp-image-276\" alt=\"\" srcset=\"https:\/\/programavitamina.org\/wp-content\/uploads\/2024\/03\/quimsom3-1024x683.jpg 1024w, https:\/\/programavitamina.org\/wp-content\/uploads\/2024\/03\/quimsom3-300x200.jpg 300w, https:\/\/programavitamina.org\/wp-content\/uploads\/2024\/03\/quimsom3-768x512.jpg 768w, https:\/\/programavitamina.org\/wp-content\/uploads\/2024\/03\/quimsom3-1536x1024.jpg 1536w, https:\/\/programavitamina.org\/wp-content\/uploads\/2024\/03\/quimsom3-2048x1365.jpg 2048w\" sizes=\"(max-width: 1024px) 100vw, 1024px\" \/>\t\t\t\t\t\t\t\t\t\t\t\t\t\t\t<\/div>\n\t\t\t\t<\/div>\n\t\t\t\t<\/div>\n\t\t\t\t<\/div>\n\t\t<div class=\"elementor-element elementor-element-6e46251 e-con-full e-flex e-con e-parent\" data-id=\"6e46251\" data-element_type=\"container\" data-settings=\"{&quot;background_background&quot;:&quot;classic&quot;}\">\n\t\t<div class=\"elementor-element elementor-element-348298f e-flex e-con-boxed e-con e-child\" data-id=\"348298f\" data-element_type=\"container\">\n\t\t\t\t\t<div class=\"e-con-inner\">\n\t\t\t\t<div class=\"elementor-element elementor-element-91fc482 elementor-widget elementor-widget-image\" data-id=\"91fc482\" data-element_type=\"widget\" data-widget_type=\"image.default\">\n\t\t\t\t<div class=\"elementor-widget-container\">\n\t\t\t\t\t\t\t\t\t\t\t\t\t\t\t<img decoding=\"async\" width=\"1280\" height=\"960\" src=\"https:\/\/programavitamina.org\/wp-content\/uploads\/2024\/03\/photo_5999080246424485359_y.jpg\" class=\"attachment-full size-full wp-image-249\" alt=\"\" srcset=\"https:\/\/programavitamina.org\/wp-content\/uploads\/2024\/03\/photo_5999080246424485359_y.jpg 1280w, https:\/\/programavitamina.org\/wp-content\/uploads\/2024\/03\/photo_5999080246424485359_y-300x225.jpg 300w, https:\/\/programavitamina.org\/wp-content\/uploads\/2024\/03\/photo_5999080246424485359_y-1024x768.jpg 1024w, https:\/\/programavitamina.org\/wp-content\/uploads\/2024\/03\/photo_5999080246424485359_y-768x576.jpg 768w\" sizes=\"(max-width: 1280px) 100vw, 1280px\" \/>\t\t\t\t\t\t\t\t\t\t\t\t\t\t\t<\/div>\n\t\t\t\t<\/div>\n\t\t\t\t\t<\/div>\n\t\t\t\t<\/div>\n\t\t<div class=\"elementor-element elementor-element-0e456c1 e-flex e-con-boxed e-con e-child\" data-id=\"0e456c1\" data-element_type=\"container\">\n\t\t\t\t\t<div class=\"e-con-inner\">\n\t\t\t\t<div class=\"elementor-element elementor-element-e62a74c elementor-widget elementor-widget-heading\" data-id=\"e62a74c\" data-element_type=\"widget\" data-widget_type=\"heading.default\">\n\t\t\t\t<div class=\"elementor-widget-container\">\n\t\t\t\t\t<h1 class=\"elementor-heading-title elementor-size-default\">APODERAMENT JOVES<\/h1>\t\t\t\t<\/div>\n\t\t\t\t<\/div>\n\t\t\t\t<div class=\"elementor-element elementor-element-3c93670 elementor-widget elementor-widget-text-editor\" data-id=\"3c93670\" data-element_type=\"widget\" data-widget_type=\"text-editor.default\">\n\t\t\t\t<div class=\"elementor-widget-container\">\n\t\t\t\t\t\t\t\t\t<p><span data-contrast=\"none\">Posem al centre l\u2019<strong>apoderament dels i les joves<\/strong> per tal de que esdevinguin agents clau de <strong>cohesi\u00f3 social i la construcci\u00f3 de pau<\/strong> als seus entorns.<\/span><span data-ccp-props=\"{&quot;335551550&quot;:6,&quot;335551620&quot;:6}\">\u00a0<\/span><\/p><p>\u00a0<\/p><p><span data-ccp-props=\"{&quot;335551550&quot;:6,&quot;335551620&quot;:6}\">En aquest marc es troba el <b>Programa Vitamina, <\/b>que busca promoure el <strong>lideratge \u00e8tic i la transformaci\u00f3 social<\/strong> entre joves provinents de contextos diversos i sovint estigmatitzats, impulsant el seu potencial per generar canvis positius i duradors a les seves comunitats.\u00a0<\/span><\/p><p>\u00a0<\/p><p><span data-contrast=\"auto\"><strong>Vitamina<\/strong> \u00e9s una proposta amb un profund <strong>arrelament comunitari<\/strong>, que treballa en estreta <strong>col\u00b7laboraci\u00f3 amb actors del territori<\/strong> &#8211; administracions p\u00fabliques, centres educatius, entitats, serveis locals i xarxes comunit\u00e0ries &#8211; <strong>per construir respostes col\u00b7lectives als reptes socials actuals. <\/strong>Aquesta xarxa de complicitats \u00e9s clau per garantir la continu\u00eftat, l\u2019impacte i la implicaci\u00f3 activa del territori en els processos de transformaci\u00f3.<\/span><\/p><p><span data-ccp-props=\"{&quot;335551550&quot;:6,&quot;335551620&quot;:6}\">\u00a0<\/span><\/p><p><span data-ccp-props=\"{&quot;335551550&quot;:6,&quot;335551620&quot;:6}\">El <strong data-start=\"1138\" data-end=\"1159\">Programa Vitamina<\/strong> desenvolupa un <strong data-start=\"1175\" data-end=\"1230\">treball directe i sostingut amb adolescents i joves<\/strong>, oferint-los <strong data-start=\"1244\" data-end=\"1296\">acompanyament, formaci\u00f3 i espais de participaci\u00f3<\/strong> per enfortir les seves<strong> capacitats personals i comunit\u00e0ries<\/strong>. <\/span><\/p><p><span data-ccp-props=\"{&quot;335551550&quot;:6,&quot;335551620&quot;:6}\">A trav\u00e9s d\u2019aquest proc\u00e9s, Vitamina contribueix a <strong data-start=\"1415\" data-end=\"1485\">generar lideratges transformadors\u00a0<\/strong>capa\u00e7os d&#8217;impulsar\u00a0<strong>el canvi social <\/strong>per la construcci\u00f3 de societats m\u00e9s cohesionades, diverses, justes i respectuoses amb els drets humans.\u00a0<\/span><\/p>\t\t\t\t\t\t\t\t<\/div>\n\t\t\t\t<\/div>\n\t\t\t\t\t<\/div>\n\t\t\t\t<\/div>\n\t\t\t\t<\/div>\n\t\t<div class=\"elementor-element elementor-element-3769a39 e-con-full e-flex e-con e-parent\" data-id=\"3769a39\" data-element_type=\"container\" data-settings=\"{&quot;background_background&quot;:&quot;classic&quot;}\">\n\t\t<div class=\"elementor-element elementor-element-60b5fee e-flex e-con-boxed e-con e-child\" data-id=\"60b5fee\" data-element_type=\"container\">\n\t\t\t\t\t<div class=\"e-con-inner\">\n\t\t\t\t<div class=\"elementor-element elementor-element-cfc5792 elementor-widget elementor-widget-heading\" data-id=\"cfc5792\" data-element_type=\"widget\" data-widget_type=\"heading.default\">\n\t\t\t\t<div class=\"elementor-widget-container\">\n\t\t\t\t\t<h1 class=\"elementor-heading-title elementor-size-default\">Programa Vitamina<\/h1>\t\t\t\t<\/div>\n\t\t\t\t<\/div>\n\t\t\t\t<div class=\"elementor-element elementor-element-fecb4f1 elementor-widget elementor-widget-text-editor\" data-id=\"fecb4f1\" data-element_type=\"widget\" data-widget_type=\"text-editor.default\">\n\t\t\t\t<div class=\"elementor-widget-container\">\n\t\t\t\t\t\t\t\t\t<h4><span style=\"text-decoration: underline;\">Qu\u00e8 fem?<\/span><\/h4><p>\u00a0<\/p><p>Es tracta d\u2019un <strong data-start=\"239\" data-end=\"323\">programa formatiu vivencial i d\u2019acompanyament de quatre anys de durada<\/strong>, durant el qual les i els joves reben suport per potenciar el seu<strong data-start=\"356\" data-end=\"426\"> creixement personal i comunitari<\/strong>.<\/p><p><br data-start=\"427\" data-end=\"430\" \/>Combina <strong data-start=\"438\" data-end=\"482\">sessions individuals i grupals setmanals<\/strong>, <strong data-start=\"484\" data-end=\"510\" data-is-only-node=\"\">tallers especialitzats i sortides<\/strong>, <strong data-start=\"512\" data-end=\"552\">accions de transformaci\u00f3 comunit\u00e0ria<\/strong> \u2014com el <strong data-start=\"561\" data-end=\"617\">disseny i implementaci\u00f3 d\u2019un projecte d\u2019acci\u00f3 social<\/strong>\u2014 i <strong data-start=\"621\" data-end=\"659\">espais de treball amb les fam\u00edlies<\/strong>, fomentant una <strong data-start=\"675\" data-end=\"709\">implicaci\u00f3 activa i compartida<\/strong> de tots els agents involucrats.<\/p><h4>\u00a0<\/h4><h4><span style=\"text-decoration: underline;\">Els objectius<\/span><\/h4><p>\u00a0<\/p><p><span data-contrast=\"auto\">1. Capacitar adolescents i joves perqu\u00e8 esdevinguin referents positius i liderin processos de transformaci\u00f3 social en els seus barris i entorns personals.<\/span><span data-ccp-props=\"{&quot;335551550&quot;:6,&quot;335551620&quot;:6}\">\u00a0<br \/><\/span><span data-contrast=\"auto\">2. Fomentar i madurar la implicaci\u00f3 i el comprom\u00eds dels i les joves amb el seu entorn (barri, fam\u00edlia, amistats).<\/span><span data-ccp-props=\"{&quot;335551550&quot;:6,&quot;335551620&quot;:6}\">\u00a0<br \/><\/span><span data-contrast=\"auto\">3. Crear vincles de qualitat pel canvi i la millora i e<\/span><span data-contrast=\"auto\">ducar en valors i en cultura de pau.<\/span><span data-ccp-props=\"{&quot;335551550&quot;:6,&quot;335551620&quot;:6}\">\u00a0<\/span><\/p><p>\u00a0<\/p><h4><span style=\"text-decoration: underline;\">A qui va dirigit?<\/span><\/h4><p>\u00a0<\/p><p><span data-contrast=\"auto\">Treballem amb joves referents l\u00edders dels barris. Ho fem concretament amb aquells que estiguin implicats\/des i compromesos\/es amb ells i elles mateixes i amb entitats dels seus barris, com per exemple els clubs esportius, casals o entitats juvenils. <\/span><span data-ccp-props=\"{&quot;335551550&quot;:6,&quot;335551620&quot;:6}\">\u00a0<\/span><\/p><p>\u00a0<\/p>\t\t\t\t\t\t\t\t<\/div>\n\t\t\t\t<\/div>\n\t\t\t\t\t<\/div>\n\t\t\t\t<\/div>\n\t\t\t\t<\/div>\n\t\t\t\t<\/div>\n\t\t","protected":false},"excerpt":{"rendered":"<p>NOVACT L\u2019Institut Novact de Noviol\u00e8ncia &#8211; entitat impulsora del Programa Vitamina &#8211; \u00e9s una associaci\u00f3 sense \u00e0nim de lucre dedicada a la transformaci\u00f3 de conflictes i la construcci\u00f3 [&hellip;]<\/p>\n","protected":false},"author":4,"featured_media":0,"parent":0,"menu_order":0,"comment_status":"closed","ping_status":"closed","template":"elementor_header_footer","meta":{"footnotes":""},"class_list":["post-51","page","type-page","status-publish","hentry"],"_links":{"self":[{"href":"https:\/\/programavitamina.org\/index.php?rest_route=\/wp\/v2\/pages\/51","targetHints":{"allow":["GET"]}}],"collection":[{"href":"https:\/\/programavitamina.org\/index.php?rest_route=\/wp\/v2\/pages"}],"about":[{"href":"https:\/\/programavitamina.org\/index.php?rest_route=\/wp\/v2\/types\/page"}],"author":[{"embeddable":true,"href":"https:\/\/programavitamina.org\/index.php?rest_route=\/wp\/v2\/users\/4"}],"replies":[{"embeddable":true,"href":"https:\/\/programavitamina.org\/index.php?rest_route=%2Fwp%2Fv2%2Fcomments&post=51"}],"version-history":[{"count":9,"href":"https:\/\/programavitamina.org\/index.php?rest_route=\/wp\/v2\/pages\/51\/revisions"}],"predecessor-version":[{"id":1489,"href":"https:\/\/programavitamina.org\/index.php?rest_route=\/wp\/v2\/pages\/51\/revisions\/1489"}],"wp:attachment":[{"href":"https:\/\/programavitamina.org\/index.php?rest_route=%2Fwp%2Fv2%2Fmedia&parent=51"}],"curies":[{"name":"wp","href":"https:\/\/api.w.org\/{rel}","templated":true}]}}