{"id":1419,"date":"2025-11-04T16:24:02","date_gmt":"2025-11-04T16:24:02","guid":{"rendered":"https:\/\/programavitamina.org\/?page_id=1419"},"modified":"2025-11-10T14:59:00","modified_gmt":"2025-11-10T14:59:00","slug":"origens-del-vitamina","status":"publish","type":"page","link":"https:\/\/programavitamina.org\/?page_id=1419","title":{"rendered":"Or\u00edgens del Vitamina"},"content":{"rendered":"\t\t<div data-elementor-type=\"wp-page\" data-elementor-id=\"1419\" class=\"elementor elementor-1419\" data-elementor-post-type=\"page\">\n\t\t\t\t<div class=\"elementor-element elementor-element-415c4c3 e-flex e-con-boxed e-con e-parent\" data-id=\"415c4c3\" data-element_type=\"container\">\n\t\t\t\t\t<div class=\"e-con-inner\">\n\t\t\t\t<div class=\"elementor-element elementor-element-9c5c565 elementor-widget elementor-widget-spacer\" data-id=\"9c5c565\" data-element_type=\"widget\" data-widget_type=\"spacer.default\">\n\t\t\t\t<div class=\"elementor-widget-container\">\n\t\t\t\t\t\t\t<div class=\"elementor-spacer\">\n\t\t\t<div class=\"elementor-spacer-inner\"><\/div>\n\t\t<\/div>\n\t\t\t\t\t\t<\/div>\n\t\t\t\t<\/div>\n\t\t\t\t\t<\/div>\n\t\t\t\t<\/div>\n\t\t<div class=\"elementor-element elementor-element-73d1b9d9 e-flex e-con-boxed e-con e-parent\" data-id=\"73d1b9d9\" data-element_type=\"container\">\n\t\t\t\t\t<div class=\"e-con-inner\">\n\t\t\t\t<div class=\"elementor-element elementor-element-65302b3 elementor-widget elementor-widget-spacer\" data-id=\"65302b3\" data-element_type=\"widget\" data-widget_type=\"spacer.default\">\n\t\t\t\t<div class=\"elementor-widget-container\">\n\t\t\t\t\t\t\t<div class=\"elementor-spacer\">\n\t\t\t<div class=\"elementor-spacer-inner\"><\/div>\n\t\t<\/div>\n\t\t\t\t\t\t<\/div>\n\t\t\t\t<\/div>\n\t\t\t\t<div class=\"elementor-element elementor-element-ea14f73 elementor-widget elementor-widget-heading\" data-id=\"ea14f73\" data-element_type=\"widget\" data-widget_type=\"heading.default\">\n\t\t\t\t<div class=\"elementor-widget-container\">\n\t\t\t\t\t<h2 class=\"elementor-heading-title elementor-size-default\">OR\u00cdGENS DEL PROGRAMA VITAMINA<\/h2>\t\t\t\t<\/div>\n\t\t\t\t<\/div>\n\t\t\t\t<div class=\"elementor-element elementor-element-729daf0 elementor-widget elementor-widget-spacer\" data-id=\"729daf0\" data-element_type=\"widget\" data-widget_type=\"spacer.default\">\n\t\t\t\t<div class=\"elementor-widget-container\">\n\t\t\t\t\t\t\t<div class=\"elementor-spacer\">\n\t\t\t<div class=\"elementor-spacer-inner\"><\/div>\n\t\t<\/div>\n\t\t\t\t\t\t<\/div>\n\t\t\t\t<\/div>\n\t\t\t\t<div class=\"elementor-element elementor-element-3938e4a2 elementor-widget__width-initial elementor-widget-tablet__width-initial elementor-widget elementor-widget-text-editor\" data-id=\"3938e4a2\" data-element_type=\"widget\" data-widget_type=\"text-editor.default\">\n\t\t\t\t<div class=\"elementor-widget-container\">\n\t\t\t\t\t\t\t\t\t<p><span data-contrast=\"auto\">El <\/span><b><span data-contrast=\"auto\">Programa Vitamina<\/span><\/b><span data-contrast=\"auto\"> neix l\u2019any <\/span><b><span data-contrast=\"auto\">2014<\/span><\/b><span data-contrast=\"auto\"> de la m\u00e0 de la <\/span><a href=\"https:\/\/cartadelapaz.org\/\"><b><span data-contrast=\"none\">Fundaci\u00f3 Carta de la Pau dirigida a l\u2019ONU<\/span><\/b><\/a><b><span data-contrast=\"auto\">,<\/span><\/b><span data-contrast=\"auto\"> amb la voluntat de <\/span><b><span data-contrast=\"auto\">donar vida i oportunitats al barri de la Mina (Sant Adri\u00e0 de Bes\u00f2s)<\/span><\/b><span data-contrast=\"auto\">, creant un espai on els i les joves poguessin <\/span><b><span data-contrast=\"auto\">refor\u00e7ar la seva confian\u00e7a, desenvolupar habilitats i descobrir el seu potencial per influir positivament en el seu entorn<\/span><\/b><span data-contrast=\"auto\">.<\/span><span data-ccp-props=\"{&quot;134233117&quot;:false,&quot;134233118&quot;:false,&quot;335551550&quot;:0,&quot;335551620&quot;:0,&quot;335559738&quot;:240,&quot;335559739&quot;:240}\">\u00a0<\/span><\/p><p><span data-contrast=\"none\">El primer grup, format per <\/span><b><span data-contrast=\"none\">15 joves<\/span><\/b><span data-contrast=\"none\">, va esdevenir un punt de trobada, aprenentatge i conviv\u00e8ncia que va inspirar la creaci\u00f3 de noves edicions del programa.<\/span><span data-ccp-props=\"{&quot;134233117&quot;:false,&quot;134233118&quot;:false,&quot;335551550&quot;:0,&quot;335551620&quot;:0,&quot;335559738&quot;:0,&quot;335559739&quot;:0}\">\u00a0<\/span><\/p><p><span data-contrast=\"none\">Amb els anys, <\/span><b><span data-contrast=\"none\">Vitamina ha crescut de manera sostinguda<\/span><\/b><span data-contrast=\"none\">, ampliant la seva pres\u00e8ncia territorial fins a conformar una <\/span><b><span data-contrast=\"none\">xarxa de 20 grups<\/span><\/b><span data-contrast=\"none\"> que actualment inclou m\u00e9s de <\/span><b><span data-contrast=\"none\">500 joves i les seves fam\u00edlies<\/span><\/b><span data-contrast=\"none\">.<\/span><span data-ccp-props=\"{&quot;134233117&quot;:false,&quot;134233118&quot;:false,&quot;335551550&quot;:0,&quot;335551620&quot;:0,&quot;335559738&quot;:0,&quot;335559739&quot;:0}\">\u00a0<\/span><\/p><p><span data-contrast=\"auto\">\u00a0El programa es desplega a <\/span><b><span data-contrast=\"auto\">diversos municipis i barris de Barcelona i Tarragona<\/span><\/b><span data-contrast=\"auto\">, consolidant-se com una iniciativa de <\/span><b><span data-contrast=\"auto\">refer\u00e8ncia en educaci\u00f3 per a la participaci\u00f3, la conviv\u00e8ncia i la transformaci\u00f3 social<\/span><\/b><span data-contrast=\"auto\">.<\/span><span data-ccp-props=\"{&quot;134233117&quot;:false,&quot;134233118&quot;:false,&quot;335551550&quot;:0,&quot;335551620&quot;:0,&quot;335559738&quot;:240,&quot;335559739&quot;:240}\">\u00a0<\/span><\/p><p><span data-contrast=\"none\">Al gener del\u00a0<\/span><b><span data-contrast=\"none\">2023<\/span><\/b><span data-contrast=\"none\">, despr\u00e9s de diversos anys de col\u00b7laboraci\u00f3, la Fundaci\u00f3 va establir una\u00a0<\/span><b><span data-contrast=\"none\">alian\u00e7a amb\u00a0<\/span><\/b><a href=\"https:\/\/novact.org\/es\/\"><span data-contrast=\"none\">NOVACT<\/span><\/a><b><span data-contrast=\"none\">\u00a0\u2013 Institut Novact de Noviol\u00e8ncia<\/span><\/b><span data-contrast=\"none\">, per tal de seguir impulsant i desenvolupant el Programa Vitamina mantenint el mateix equip professional per garantir la <\/span><b><span data-contrast=\"none\">continu\u00eftat pedag\u00f2gica i metodol\u00f2gica<\/span><\/b><span data-contrast=\"none\">. Assumint NOVACT la nova direcci\u00f3 i execuci\u00f3 del Programa Vtaimina.\u00a0<\/span><span data-ccp-props=\"{&quot;134233117&quot;:false,&quot;134233118&quot;:false,&quot;335551550&quot;:0,&quot;335551620&quot;:0,&quot;335559738&quot;:0,&quot;335559739&quot;:0}\">\u00a0<\/span><span data-contrast=\"none\">\u00a0<\/span><span data-ccp-props=\"{&quot;134233117&quot;:false,&quot;134233118&quot;:false,&quot;335551550&quot;:0,&quot;335551620&quot;:0,&quot;335559738&quot;:0,&quot;335559739&quot;:0}\">\u00a0<\/span><\/p><p><span data-contrast=\"none\">Aquesta nova etapa t\u00e9 com a objectiu <\/span><b><span data-contrast=\"none\">assegurar la sostenibilitat del programa<\/span><\/b><span data-contrast=\"none\"> i <\/span><b><span data-contrast=\"none\">potenciar-ne l\u2019expansi\u00f3 a escala nacional i internacional<\/span><\/b><span data-contrast=\"none\">, mantenint intacta la seva ess\u00e8ncia: <\/span><b><span data-contrast=\"none\">acompanyar joves perqu\u00e8 esdevinguin protagonistes del canvi cap a societats m\u00e9s justes, diverses i conscients<\/span><\/b><span data-contrast=\"none\">.<\/span><span data-ccp-props=\"{&quot;134233117&quot;:false,&quot;134233118&quot;:false,&quot;335551550&quot;:0,&quot;335551620&quot;:0,&quot;335559738&quot;:0,&quot;335559739&quot;:0}\">\u00a0<\/span><\/p><p><!-- \/wp:paragraph --><\/p>\t\t\t\t\t\t\t\t<\/div>\n\t\t\t\t<\/div>\n\t\t\t\t\t<\/div>\n\t\t\t\t<\/div>\n\t\t<div class=\"elementor-element elementor-element-0ca3117 e-flex e-con-boxed e-con e-parent\" data-id=\"0ca3117\" data-element_type=\"container\">\n\t\t\t\t\t<div class=\"e-con-inner\">\n\t\t\t\t<div class=\"elementor-element elementor-element-c908475 elementor-widget elementor-widget-image\" data-id=\"c908475\" data-element_type=\"widget\" data-widget_type=\"image.default\">\n\t\t\t\t<div class=\"elementor-widget-container\">\n\t\t\t\t\t\t\t\t\t\t\t\t\t\t\t<img fetchpriority=\"high\" decoding=\"async\" width=\"722\" height=\"1024\" src=\"https:\/\/programavitamina.org\/wp-content\/uploads\/2025\/11\/IMG_5870-722x1024.jpeg\" class=\"attachment-large size-large wp-image-1425\" alt=\"\" srcset=\"https:\/\/programavitamina.org\/wp-content\/uploads\/2025\/11\/IMG_5870-722x1024.jpeg 722w, https:\/\/programavitamina.org\/wp-content\/uploads\/2025\/11\/IMG_5870-212x300.jpeg 212w, https:\/\/programavitamina.org\/wp-content\/uploads\/2025\/11\/IMG_5870-768x1089.jpeg 768w, https:\/\/programavitamina.org\/wp-content\/uploads\/2025\/11\/IMG_5870.jpeg 903w\" sizes=\"(max-width: 722px) 100vw, 722px\" \/>\t\t\t\t\t\t\t\t\t\t\t\t\t\t\t<\/div>\n\t\t\t\t<\/div>\n\t\t\t\t\t<\/div>\n\t\t\t\t<\/div>\n\t\t<div class=\"elementor-element elementor-element-538efb8 e-flex e-con-boxed e-con e-parent\" data-id=\"538efb8\" data-element_type=\"container\">\n\t\t\t\t\t<div class=\"e-con-inner\">\n\t\t\t\t<div class=\"elementor-element elementor-element-d4f8bda elementor-widget elementor-widget-spacer\" data-id=\"d4f8bda\" data-element_type=\"widget\" data-widget_type=\"spacer.default\">\n\t\t\t\t<div class=\"elementor-widget-container\">\n\t\t\t\t\t\t\t<div class=\"elementor-spacer\">\n\t\t\t<div class=\"elementor-spacer-inner\"><\/div>\n\t\t<\/div>\n\t\t\t\t\t\t<\/div>\n\t\t\t\t<\/div>\n\t\t\t\t<div class=\"elementor-element elementor-element-06adb34 elementor-widget elementor-widget-image\" data-id=\"06adb34\" data-element_type=\"widget\" data-widget_type=\"image.default\">\n\t\t\t\t<div class=\"elementor-widget-container\">\n\t\t\t\t\t\t\t\t\t\t\t\t\t\t\t<img decoding=\"async\" width=\"1024\" height=\"717\" src=\"https:\/\/programavitamina.org\/wp-content\/uploads\/2025\/11\/imatge-pels-10-anys-vitamina-1024x717.png\" class=\"attachment-large size-large wp-image-1426\" alt=\"\" srcset=\"https:\/\/programavitamina.org\/wp-content\/uploads\/2025\/11\/imatge-pels-10-anys-vitamina-1024x717.png 1024w, https:\/\/programavitamina.org\/wp-content\/uploads\/2025\/11\/imatge-pels-10-anys-vitamina-300x210.png 300w, https:\/\/programavitamina.org\/wp-content\/uploads\/2025\/11\/imatge-pels-10-anys-vitamina-768x538.png 768w, https:\/\/programavitamina.org\/wp-content\/uploads\/2025\/11\/imatge-pels-10-anys-vitamina.png 1220w\" sizes=\"(max-width: 1024px) 100vw, 1024px\" \/>\t\t\t\t\t\t\t\t\t\t\t\t\t\t\t<\/div>\n\t\t\t\t<\/div>\n\t\t\t\t\t<\/div>\n\t\t\t\t<\/div>\n\t\t<div class=\"elementor-element elementor-element-d44a95f e-flex e-con-boxed e-con e-parent\" data-id=\"d44a95f\" data-element_type=\"container\">\n\t\t\t\t\t<div class=\"e-con-inner\">\n\t\t\t\t<div class=\"elementor-element elementor-element-bfe8db2 elementor-widget elementor-widget-spacer\" data-id=\"bfe8db2\" data-element_type=\"widget\" data-widget_type=\"spacer.default\">\n\t\t\t\t<div class=\"elementor-widget-container\">\n\t\t\t\t\t\t\t<div class=\"elementor-spacer\">\n\t\t\t<div class=\"elementor-spacer-inner\"><\/div>\n\t\t<\/div>\n\t\t\t\t\t\t<\/div>\n\t\t\t\t<\/div>\n\t\t\t\t<div class=\"elementor-element elementor-element-cbac566 elementor-button-info elementor-align-justify elementor-widget elementor-widget-button\" data-id=\"cbac566\" data-element_type=\"widget\" data-widget_type=\"button.default\">\n\t\t\t\t<div class=\"elementor-widget-container\">\n\t\t\t\t\t\t\t\t\t<div class=\"elementor-button-wrapper\">\n\t\t\t\t\t<a class=\"elementor-button elementor-button-link elementor-size-sm\" href=\"https:\/\/www.3cat.cat\/3cat\/vitamina-un-projecte-social-per-formar-liders-entre-gitanos\/video\/5787092\/\">\n\t\t\t\t\t\t<span class=\"elementor-button-content-wrapper\">\n\t\t\t\t\t\t\t\t\t<span class=\"elementor-button-text\">Vitamina: un projecte social per formar l\u00edders entre gitanos<\/span>\n\t\t\t\t\t<\/span>\n\t\t\t\t\t<\/a>\n\t\t\t\t<\/div>\n\t\t\t\t\t\t\t\t<\/div>\n\t\t\t\t<\/div>\n\t\t\t\t<div class=\"elementor-element elementor-element-5c37d37 elementor-button-info elementor-align-justify elementor-widget elementor-widget-button\" data-id=\"5c37d37\" data-element_type=\"widget\" data-widget_type=\"button.default\">\n\t\t\t\t<div class=\"elementor-widget-container\">\n\t\t\t\t\t\t\t\t\t<div class=\"elementor-button-wrapper\">\n\t\t\t\t\t<a class=\"elementor-button elementor-button-link elementor-size-sm\" href=\"https:\/\/www.3cat.cat\/3cat\/projecte-vitamina-joves-liders-per-la-transformacio-social\/video\/6192634\/\">\n\t\t\t\t\t\t<span class=\"elementor-button-content-wrapper\">\n\t\t\t\t\t\t\t\t\t<span class=\"elementor-button-text\">Projecte Vitamina: joves l\u00edders per la transformaci\u00f3 social <\/span>\n\t\t\t\t\t<\/span>\n\t\t\t\t\t<\/a>\n\t\t\t\t<\/div>\n\t\t\t\t\t\t\t\t<\/div>\n\t\t\t\t<\/div>\n\t\t\t\t\t<\/div>\n\t\t\t\t<\/div>\n\t\t<div class=\"elementor-element elementor-element-754aabc e-flex e-con-boxed e-con e-parent\" data-id=\"754aabc\" data-element_type=\"container\">\n\t\t\t\t\t<div class=\"e-con-inner\">\n\t\t\t\t<div class=\"elementor-element elementor-element-3911ac9 elementor-widget elementor-widget-spacer\" data-id=\"3911ac9\" data-element_type=\"widget\" data-widget_type=\"spacer.default\">\n\t\t\t\t<div class=\"elementor-widget-container\">\n\t\t\t\t\t\t\t<div class=\"elementor-spacer\">\n\t\t\t<div class=\"elementor-spacer-inner\"><\/div>\n\t\t<\/div>\n\t\t\t\t\t\t<\/div>\n\t\t\t\t<\/div>\n\t\t\t\t<div class=\"elementor-element elementor-element-9ec7b1e elementor-widget elementor-widget-image\" data-id=\"9ec7b1e\" data-element_type=\"widget\" data-widget_type=\"image.default\">\n\t\t\t\t<div class=\"elementor-widget-container\">\n\t\t\t\t\t\t\t\t\t\t\t\t\t\t\t<img decoding=\"async\" width=\"1024\" height=\"170\" src=\"https:\/\/programavitamina.org\/wp-content\/uploads\/2025\/11\/Vitamina-tots-donants-1-1024x170.png\" class=\"attachment-large size-large wp-image-1456\" alt=\"\" srcset=\"https:\/\/programavitamina.org\/wp-content\/uploads\/2025\/11\/Vitamina-tots-donants-1-1024x170.png 1024w, https:\/\/programavitamina.org\/wp-content\/uploads\/2025\/11\/Vitamina-tots-donants-1-300x50.png 300w, https:\/\/programavitamina.org\/wp-content\/uploads\/2025\/11\/Vitamina-tots-donants-1-768x128.png 768w, https:\/\/programavitamina.org\/wp-content\/uploads\/2025\/11\/Vitamina-tots-donants-1-1536x256.png 1536w, https:\/\/programavitamina.org\/wp-content\/uploads\/2025\/11\/Vitamina-tots-donants-1.png 2000w\" sizes=\"(max-width: 1024px) 100vw, 1024px\" \/>\t\t\t\t\t\t\t\t\t\t\t\t\t\t\t<\/div>\n\t\t\t\t<\/div>\n\t\t\t\t\t<\/div>\n\t\t\t\t<\/div>\n\t\t\t\t<\/div>\n\t\t","protected":false},"excerpt":{"rendered":"<p>OR\u00cdGENS DEL PROGRAMA VITAMINA El Programa Vitamina neix l\u2019any 2014 de la m\u00e0 de la Fundaci\u00f3 Carta de la Pau dirigida a l\u2019ONU, amb la voluntat de donar [&hellip;]<\/p>\n","protected":false},"author":3,"featured_media":0,"parent":0,"menu_order":0,"comment_status":"closed","ping_status":"closed","template":"","meta":{"footnotes":""},"class_list":["post-1419","page","type-page","status-publish","hentry"],"_links":{"self":[{"href":"https:\/\/programavitamina.org\/index.php?rest_route=\/wp\/v2\/pages\/1419","targetHints":{"allow":["GET"]}}],"collection":[{"href":"https:\/\/programavitamina.org\/index.php?rest_route=\/wp\/v2\/pages"}],"about":[{"href":"https:\/\/programavitamina.org\/index.php?rest_route=\/wp\/v2\/types\/page"}],"author":[{"embeddable":true,"href":"https:\/\/programavitamina.org\/index.php?rest_route=\/wp\/v2\/users\/3"}],"replies":[{"embeddable":true,"href":"https:\/\/programavitamina.org\/index.php?rest_route=%2Fwp%2Fv2%2Fcomments&post=1419"}],"version-history":[{"count":53,"href":"https:\/\/programavitamina.org\/index.php?rest_route=\/wp\/v2\/pages\/1419\/revisions"}],"predecessor-version":[{"id":1492,"href":"https:\/\/programavitamina.org\/index.php?rest_route=\/wp\/v2\/pages\/1419\/revisions\/1492"}],"wp:attachment":[{"href":"https:\/\/programavitamina.org\/index.php?rest_route=%2Fwp%2Fv2%2Fmedia&parent=1419"}],"curies":[{"name":"wp","href":"https:\/\/api.w.org\/{rel}","templated":true}]}}